{"id":220,"date":"2023-02-28T16:08:55","date_gmt":"2023-02-28T10:38:55","guid":{"rendered":"https:\/\/consmumbai.esteri.it\/?page_id=220"},"modified":"2026-02-13T14:12:06","modified_gmt":"2026-02-13T08:42:06","slug":"codice-fiscale","status":"publish","type":"page","link":"https:\/\/consmumbai.esteri.it\/it\/servizi-consolari-e-visti\/servizi-per-il-cittadino-italiano\/codice-fiscale\/","title":{"rendered":"Codice fiscale"},"content":{"rendered":"<p style=\"text-align: justify;\"><strong>RILASCIO DI UN CODICE FISCALE O CERTIFICAZIONE DI CODICE FISCALE ESISTENTE<\/strong><\/p>\n<p style=\"text-align: justify;\">Il codice fiscale \u00e8 indispensabile per compiere operazioni finanziarie in Italia: operazioni immobiliari, eredit\u00e0, lavoro, aprire un conto in banca o iscriversi all\u2019universit\u00e0. Viene rilasciato anche a chi non \u00e8 cittadino italiano, previa motivazione. Il servizio \u00e8 gratuito ed \u00e8 riservato ai privati cittadini esclusivamente residenti in questa circoscrizione consolare. Le richieste per minorenni, oppure per conto terzi, o da parte dell\u2019erede per familiare deceduto devono contenere documenti aggiuntivi. Le Aziende o Societ\u00e0 devono richiedere il codice fiscale in Italia alla sede dell\u2019Agenzia delle Entrate competente per territorio nel luogo di registrazione\/sede dell\u2019Azienda\/Societ\u00e0 in Italia.<\/p>\n<p>Alla luce di quanto indicato nel Decreto del Ministero Finanze n. 281 del 2001, i cittadini stranieri non residenti in Italia che intendono<br \/>\nrichiedere il Codice Fiscale possono presentare l\u2019istanza:<br \/>\n&#8211; Presso l\u2019Ufficio consolare di riferimento (ferma restando la disponibilit\u00e0 degli appuntamenti presso la sede);<br \/>\n&#8211; Di persona, presso gli Uffici dell\u2019Agenzia delle Entrate;<br \/>\n&#8211; Delegando un rappresentante in Italia, tramite il conferimento di apposita Procura.<\/p>\n<p style=\"text-align: justify;\"><strong>Procedura per cittadini stranieri<\/strong><\/p>\n<p>Il codice fiscale \u00e8 un numero che identifica il soggetto in ogni atto relativo a rapporti intercorrenti con la Pubblica Amministrazione Italiana.<\/p>\n<p>Il cittadino straniero non residente in Italia deve\u00a0<strong>delegare<\/strong>\u00a0appositamente un soggetto a presentare il modello di richiesta del Codice Fiscale direttamente agli uffici dell\u2019Agenzia delle Entrate dislocati sul territorio italiano, ai sensi dell\u2019art. 1 del D.M. attuativo del 17 maggio 2001, n. 281.<\/p>\n<ul>\n<li>Con riferimento alle categorie degli studenti stranieri in procinto di immatricolazione in Italia, il cui Codice Fiscale era finora attribuito in via provvisoria tramite il portale Universitaly, l\u2019Agenzia delle Entrate ha evidenziato come tale procedura non sia corretta. Gli studenti che dovessero richiedere il Codice Fiscale per la preiscrizione all\u2019Universit\u00e0 potranno procedere all\u2019istanza direttamente in Italia, presso gli Uffici dell\u2019Agenzia (se studenti UE), ovvero presso la Questura competente al momento della richiesta del permesso di soggiorno (se extra UE), cos\u00ec come riportato sul sito dell\u2019Agenzia delle Entrate al link: <a href=\"https:\/\/www.agenziaentrate.gov.it\/portale\/mini-guida-codice-fiscale-per-stranieri\">L&#8217;Agenzia &#8211; Mini guida codice fiscale per stranieri &#8211; Agenzia delle Entrate.<\/a><\/li>\n<li>I\u00a0<strong>cittadini stranieri che necessitino del codice fiscale per acquisto di immobili o per altre attivit\u00e0 commerciali\/finanziarie<\/strong>\u00a0in Italia possono delegare un loro rappresentante a richiedere il codice fiscale all\u2019Agenzia delle Entrate per proprio conto.<\/li>\n<li>Ai\u00a0<strong>cittadini di Paesi extra UE che intendono soggiornare in Italia<\/strong> il codice fiscale \u00e8 attribuito:<br \/>\n&#8211; dallo Sportello unico per l\u2019Immigrazione, presente in ogni Prefettura e competente per il rilascio del nulla osta all\u2019ingresso ai cittadini stranieri che richiedono il permesso di soggiorno per lavoro dipendente o ricongiungimento familiare;<br \/>\n&#8211; dalla Questura, ufficio della Polizia di Stato, per i cittadini stranieri che richiedono altre tipologie di permessi di soggiorno.<\/li>\n<li>Il cittadino straniero che necessiti il codice fiscale per <strong>l\u2019avvio di un procedimento giudiziario in Italia<\/strong>\u00a0potr\u00e0 pu\u00f2 includere tra le deleghe attribuite all\u2019avvocato cui affida l\u2019incarico quella di richiedere il CF presso un qualunque ufficio dell\u2019Agenzia delle Entrate; gli indirizzi degli uffici dell\u2019Agenzia delle Entrate sono reperibili sul sito Internet\u00a0<a href=\"http:\/\/www.agenziaentrate.it\/\">agenziaentrate.it<\/a>.<\/li>\n<\/ul>\n<p>Il Codice Fiscale pu\u00f2 essere chiesto dal cittadino straniero\u00a0<strong>all\u2019Ufficio consolare italiano competente per residenza\u00a0SOLO<\/strong><u>\u00a0<\/u><strong>ED ESCLUSIVAMENTE<\/strong>\u00a0nei casi in cui il C.F. sia necessario per procedure da effettuare online e\/o per le quali lo straniero sia impossibilitato a delegare un incaricato per la richiesta all\u2019Agenzia delle Entrate: in tali casi l\u2019Ufficio consolare provveder\u00e0 ad inoltrare la richiesta all\u2019Agenzia delle Entrate in Italia.<\/p>\n<p>In questo caso, le richieste possono essere effettuate inviando via email a\u00a0<a href=\"mailto:consolare.mumbai@esteri.it\">consolare.mumbai@esteri.it<\/a> i seguenti documenti:<\/p>\n<ul>\n<li><a href=\"https:\/\/ambseoul.esteri.it\/wp-content\/uploads\/2023\/03\/modulo-richiesta-codice-fiscale.pdf\">Richiesta di codice fiscale italiano \/ Modulo di richiesta<\/a><\/li>\n<li>Copia del passaporto in corso di validit\u00e0<\/li>\n<li>Certificato di residenza (in inglese)<\/li>\n<li>Certificato di identit\u00e0\/ Adhar card (solo per i cittadini indiani)<\/li>\n<li>Indicazione della motivazione per la quale viene richiesto il Codice Fiscale<\/li>\n<\/ul>\n<p>La domanda va compilata in tutte le sue parti facendo attenzione ad indicare esattamente i dati del richiedente come appaiono sul documento d\u2019identit\u00e0, allegando tutte le informazioni richieste; in caso contrario la domanda non potr\u00e0 essere lavorata.<\/p>\n<p>Il codice fiscale viene emesso in base ai dati anagrafici: nome, cognome, data e luogo di nascita. Nel caso di persone gi\u00e0 note alla Pubblica Amministrazione italiana, questi dati devono essere conformi ai dati gi\u00e0 in possesso dell\u2019Amministrazione Italiana.<\/p>\n<p style=\"text-align: justify;\"><strong>Procedura per cittadini italiani iscritti all&#8217;AIRE<\/strong><\/p>\n<p style=\"text-align: justify;\">Si informa che a partire dal 15 luglio 2024 i cittadini italiani <u>iscritti all\u2019AIRE<\/u> nella Circoscrizione consolare di questo Consolato Generale possono scaricare direttamente il certificato di attribuzione del codice fiscale tramite il <a href=\"https:\/\/serviziconsolari.esteri.it\/ScoFE\/services\/service-info.sco?serviceId=95&amp;sCode=GCF#_blank\">Portale Fast It<\/a>.<\/p>\n<p style=\"text-align: justify;\"><strong><em>Come?<\/em><\/strong><\/p>\n<ol style=\"text-align: justify;\">\n<li>Accedi al Portale Fast It;<\/li>\n<li>Clicca su \u201cAnagrafe Consolare e AIRE\u201d e poi su\u00a0<strong>\u201cAttribuzione Codice Fiscale\u201d;<\/strong><\/li>\n<li>Conferma i dati e avvia la richiesta;<\/li>\n<li>Scarica in autonomia (download) il certificato di attribuzione del Codice Fiscale.<\/li>\n<\/ol>\n<p style=\"text-align: justify;\"><strong>Se non riesci a scaricare<\/strong>\u00a0il certificato di attribuzione del Codice Fiscale:<\/p>\n<ol style=\"text-align: justify;\">\n<li>Registrati sul\u00a0<a href=\"https:\/\/serviziconsolari.esteri.it\/#_blank\">portale FAST IT<\/a>, oppure accedi se hai gi\u00e0 un account attivo;<\/li>\n<li>Richiedi la \u201cAssociazione Online\u201d cliccando su \u201cAnagrafe Consolare e AIRE\u201d e poi su \u201cVisualizzare la propria scheda anagrafica\u201d;<\/li>\n<li>Entro 2 giorni lavorativi dalla richiesta, riceverai sulla tua casella di posta il messaggio di avvenuta associazione.<\/li>\n<li>Accedi nuovamente al portale e scarica il certificato.<\/li>\n<\/ol>\n<p style=\"text-align: justify;\"><span style=\"text-decoration: underline;\">Richiesta per minori<\/span><br \/>\nNel caso di minori sar\u00e0 necessario inviare oltre al documento d\u2019identit\u00e0 del minore, anche il documento d\u2019identit\u00e0 dell\u2019adulto richiedente e il pdf del certificato di nascita o di altro documento <span style=\"text-decoration: line-through;\">(<\/span>che mostra i nomi dei genitori) comprovante che il richiedente ha diritto ad agire per conto del minore.<\/p>\n<p style=\"text-align: justify;\"><span style=\"text-decoration: underline;\">Richiesta da erede per persona deceduta<\/span><br \/>\nOltre al documento d\u2019identit\u00e0 del defunto, \u00e8 necessario presentare anche il documento d\u2019identit\u00e0 del richiedente\/erede e il pdf del certificato di morte.<\/p>\n<p style=\"text-align: justify;\"><span style=\"text-decoration: underline;\">Richiesta da parte di studenti non cittadini italiani<\/span><br \/>\nSi noti che che il Consolato Generale d&#8217;Italia a Mumbai rilascer\u00e0 i Codici Fiscali agli studenti non cittadini italiani solo in presenza di un certificato che attesti l&#8217;effettuata iscrizione presso un istituto scolastico o un ateneo universitario italiano, nonche&#8217; in possesso visto gia\u2019 rilasciato. <span lang=\"IT\">Le domande di Codice Fiscale vengono richieste alla competente giurisdizione consolare, per cui <strong>se il visto e\u2019 stato rilasciato a Mumbai ma lo studente e\u2019 residente\u00a0 fuori dalla circoscrizione consolare\u00a0 di Mumbai dovra\u2019 rivolgersi al competente consolato italiano di riferimento<\/strong>.<\/span><\/p>\n<p><strong>PIN<\/strong><\/p>\n<p>Il PIN dell\u2019Agenzia delle Entrate \u00e8 un\u00a0<strong>codice numerico individuale che consente di accedere al proprio cassetto fiscale,<\/strong>\u00a0nonch\u00e9 a Fisconline o Entratel per fruire dei servizi telematici dell\u2019Agenzia delle Entrate.<\/p>\n<p>Il PIN si compone di\u00a0<strong>due parti<\/strong>: la prima parte e la password per accedere a \u201cFisconline\u201d vengono richiesti dopo la registrazione sul\u00a0<em>sito dell\u2019<\/em><a href=\"https:\/\/telematici.agenziaentrate.gov.it\/Abilitazione\/IAbilitazioneNR.jsp\"><em><strong>Agenzia delle Entrate<\/strong><\/em><\/a>.<\/p>\n<p>Dopo aver verificato che il proprio indirizzo sia aggiornato nella banca dati AIRE, si dovr\u00e0 richiedere la validazione della propria richiesta inviando al proprio Consolato un\u2019email, alla quale allegare copia della richiesta effettuata col relativo numero di pratica (anche tramite screenshot) e copia del proprio documento di identit\u00e0.<\/p>\n<p>Se la richiesta di validazione \u00e8 accettata e il\u00a0<strong>richiedente \u00e8 iscritto all\u2019AIRE,<\/strong>\u00a0il Consolato recapiter\u00e0 al richiedente le prime 4 cifre del codice PIN, la password per il primo accesso all\u2019area riservata dei servizi telematici e le istruzioni per ottenere la seconda parte del codice. I richiedenti\u00a0<strong>non iscritti all\u2019AIRE<\/strong>\u00a0dovranno invece recarsi personalmente in Consolato, muniti di un documento di riconoscimento in corso di validit\u00e0.<\/p>\n<p style=\"text-align: justify;\"><strong>SPID <\/strong><\/p>\n<p style=\"text-align: justify;\">Dal 1\u00b0 ottobre 2020, SPID, il Sistema Pubblico di Identit\u00e0 Digitale, permette di accedere ai servizi online della Pubblica Amministrazione e dei soggetti privati aderenti attraverso la creazione di un\u2019unica Identit\u00e0 Digitale utilizzabile da computer, tablet e smartphone. I cittadini italiani iscritti all\u2019AIRE presso questa circoscrizione Consolare non possono richiedere la tessera sanitaria italiana e\u00a0per poter richiedere SPID devono quindi ottenere copia del codice fiscale.<\/p>\n<p style=\"text-align: justify;\">SPID \u00e8 gratuito. Per maggiori informazioni e una lista dei gestori vedere:<br \/>\n<a href=\"https:\/\/www.spid.gov.it\/richiedi-spid?lang=it\">https:\/\/www.spid.gov.it\/richiedi-spid?lang=it<\/a><\/p>\n<p style=\"text-align: justify;\"><strong>I cittadini italiani che risiedono all\u2019estero DEVONO richiedere SPID entro il 31 dicembre 2022.\u00a0<\/strong><\/p>\n<p style=\"text-align: justify;\">SPID diventer\u00e0 l\u2019unico modo per accedere al servizio FASTIT, quindi l\u2019unico modo per richiedere la maggior parte dei servizi Consolari.<\/p>\n<p style=\"text-align: justify;\">Per ottenere SPID sono necessari:<\/p>\n<ul style=\"text-align: justify;\">\n<li>documento di riconoscimento italiano in corso di validit\u00e0 (carta di identit\u00e0, passaporto, patente italiana \u2013 in quella inglese non compare la cittadinanza)<\/li>\n<li>certificazione del codice fiscale<\/li>\n<li>indirizzo e-mail<\/li>\n<li>numero cellulare ad uso personale (controllare se il servizio richiede nello specifico un cellulare italiano perch\u00e9 questo potrebbe rendere pi\u00f9 difficoltoso inviare o ricevere messaggi).<\/li>\n<\/ul>\n<p style=\"text-align: justify;\">Per il rilascio della certificazione del codice fiscale, leggere le informazioni all\u2019inizio di questa pagina. Si raccomanda ai cittadini italiani residenti all\u2019estero di selezionare un gestore che permette l\u2019identificazione via webcam o attraverso App su smartphone.<\/p>\n<p style=\"text-align: justify;\">NB: SPID sostituisce le precedenti credenziali PIN per l\u2019accesso a \u201cFisconline\u201d per la compilazione delle dichiarazioni dei redditi. Tutte le informazioni sono disponibili sul sito di Agenzia delle Entrate: <a href=\"https:\/\/www.agenziaentrate.gov.it\/wps\/portal\/entrate\/home\">https:\/\/www.agenziaentrate.gov.it\/wps\/portal\/entrate\/home<\/a><\/p>\n","protected":false},"excerpt":{"rendered":"RILASCIO DI UN CODICE FISCALE O CERTIFICAZIONE DI CODICE FISCALE ESISTENTE Il codice fiscale \u00e8 indispensabile per compiere operazioni finanziarie in Italia: operazioni immobiliari, eredit\u00e0, lavoro, aprire un conto in banca o iscriversi all\u2019universit\u00e0. Viene rilasciato anche a chi non \u00e8 cittadino italiano, previa motivazione. Il servizio \u00e8 gratuito ed \u00e8 riservato ai privati cittadini [&hellip;]","protected":false},"author":3,"featured_media":0,"parent":84,"menu_order":20,"comment_status":"closed","ping_status":"closed","template":"","meta":{"footnotes":""},"class_list":["post-220","page","type-page","status-publish","hentry"],"_links":{"self":[{"href":"https:\/\/consmumbai.esteri.it\/it\/wp-json\/wp\/v2\/pages\/220","targetHints":{"allow":["GET"]}}],"collection":[{"href":"https:\/\/consmumbai.esteri.it\/it\/wp-json\/wp\/v2\/pages"}],"about":[{"href":"https:\/\/consmumbai.esteri.it\/it\/wp-json\/wp\/v2\/types\/page"}],"author":[{"embeddable":true,"href":"https:\/\/consmumbai.esteri.it\/it\/wp-json\/wp\/v2\/users\/3"}],"replies":[{"embeddable":true,"href":"https:\/\/consmumbai.esteri.it\/it\/wp-json\/wp\/v2\/comments?post=220"}],"version-history":[{"count":7,"href":"https:\/\/consmumbai.esteri.it\/it\/wp-json\/wp\/v2\/pages\/220\/revisions"}],"predecessor-version":[{"id":4389,"href":"https:\/\/consmumbai.esteri.it\/it\/wp-json\/wp\/v2\/pages\/220\/revisions\/4389"}],"up":[{"embeddable":true,"href":"https:\/\/consmumbai.esteri.it\/it\/wp-json\/wp\/v2\/pages\/84"}],"wp:attachment":[{"href":"https:\/\/consmumbai.esteri.it\/it\/wp-json\/wp\/v2\/media?parent=220"}],"curies":[{"name":"wp","href":"https:\/\/api.w.org\/{rel}","templated":true}]}}