{"id":233,"date":"2023-02-28T16:26:42","date_gmt":"2023-02-28T10:56:42","guid":{"rendered":"https:\/\/consmumbai.esteri.it\/?page_id=233"},"modified":"2024-11-01T11:15:23","modified_gmt":"2024-11-01T05:45:23","slug":"fare-affari-in-india","status":"publish","type":"page","link":"https:\/\/consmumbai.esteri.it\/it\/italia-e-india\/diplomazia-economica\/fare-affari-in-india\/","title":{"rendered":"Fare affari in India"},"content":{"rendered":"<p style=\"text-align: justify;\">L\u2019India, con la sua prorompente forza demografica e un mercato interno in rapida espansione, \u00e8 destinata ad assumere un ruolo da protagonista nell\u2019economia mondiale, posizionandosi come meta di export e investimenti oltre che come base per la ri-esportazione nei Paesi limitrofi.<\/p>\n<p style=\"text-align: justify;\">Dal 2014 ad oggi, il Governo guidato dal Primo Ministro Modi, attualmente al suo terzo mandato, ha messo in campo un programma di riforme ispirate a un modello di Paese \u201cSelf-reliant\u201d e volte a favorire una sempre maggiore attrazione di investimenti diretti esteri. Perno di tale obiettivo di medio-lungo periodo sono i programmi &#8220;Make in India&#8221; e \u201cAssemble in India for the world\u201d, miranti alla trasformazione dell&#8217;India in un hub manifatturiero globale, attraverso il rilancio del settore manifatturiero e l\u2019incremento della competitivit\u00e0 del Paese.<\/p>\n<p style=\"text-align: justify;\"><strong>\u00a0Se siete interessati al mercato indiano suggeriamo di visitare:<\/strong><\/p>\n<ul style=\"text-align: justify;\">\n<li>Il portale\u00a0<a href=\"https:\/\/www.infomercatiesteri.it\/paese.php?id_paesi=128\">InfoMercatiEsteri<\/a><\/li>\n<li>La pagina web dell\u2019<a href=\"https:\/\/www.ice.it\/it\/mercati\/india\">Agenzia ICE dedicata all\u2019India<\/a><\/li>\n<li>La pagina web dell&#8217;Agenzia indiana per l&#8217;attrazione degli investimenti<br \/>\nstranieri:\u00a0<a href=\"https:\/\/www.investindia.gov.in\/\">Investindia<\/a><\/li>\n<li>La pagina web della\u00a0<a href=\"https:\/\/www.indiaitaly.com\/\">Camera di Commercio italo-indiana<\/a><\/li>\n<li>La pagina web del\u00a0<a href=\"https:\/\/www.imf.org\/en\/Countries\/IND\">FMI dedicata all\u2019Indiadedicata all\u2019India<\/a><\/li>\n<\/ul>\n<p style=\"text-align: justify;\"><strong>Studi Legali, di consulenza, Commercialisti<\/strong><br \/>\nPuoi trovare una lista di contatti <a href=\"https:\/\/ambnewdelhi.esteri.it\/wp-content\/uploads\/2023\/03\/studilegaliecommercialistiinnewdelhi2022.pdf\">qui<\/a>.<\/p>\n<p style=\"text-align: justify;\">\n<p style=\"text-align: justify;\"><strong>GLI ATTORI DEL SISTEMA ITALIA IN INDIA<\/strong><\/p>\n<p style=\"text-align: justify;\"><span lang=\"IT\">La legge 214\/2011 ha istituito la \u201cCabina di Regia\u201d quale strumento operativo per coordinare al meglio le politiche e strategie del Paese in tema di internazionalizzazione, promuovendo un impegno comune e concreto di Governo, istituzioni territoriali e mondo delle imprese e\u00a0 coordinando le iniziative per la promozione, gli strumenti di analisi e penetrazione sui mercati nonch\u00e9\u00a0 l\u2019uso delle risorse finanziarie verso obbiettivi specifici e condivisi.<\/span><\/p>\n<p style=\"text-align: justify;\"><span lang=\"IT\">\u00a0La Cabina di Regia e\u2019 co-presieduta dai Ministri degli Affari Esteri e dello Sviluppo Economico e composta dal Ministro dell&#8217;Economia e delle Finanze, o da persona dallo stesso designata, dal Presidente della Conferenza permanente per i rapporti tra lo Stato, le Regioni e le Province autonome di Trento e di Bolzano e dai Presidenti, rispettivamente, dell&#8217;Unione italiana delle camere di commercio, industria, artigianato e agricoltura (Unioncamere), della Confederazione generale dell&#8217;industria italiana (Confindustria), di R.E.TE. Imprese Italia e dell&#8217;Associazione bancaria italiana (ABI). Il Ministro per gli Affari Regionali, per il Turismo ed il Ministro dell&#8217;Agricoltura, della Sovranit\u00e0 Alimentare e delle Foreste sono stati associati all\u2019esercizio sin dalla prima riunione della Cabina di Regia.<\/span><\/p>\n<p style=\"text-align: justify;\"><span lang=\"IT\">In questo modo di Governo ha inteso riunire attorno ad un unico tavolo i piu&#8217; importanti attori del processo di internazionalizzazione della nostra economia e dare sistematicit\u00e0 al coordinamento\u00a0 per una pi\u00f9 efficace proiezione estera del nostro tessuto produttivo. Tale sistema integrato viene replicato all\u2019estero, attraverso un accresciuto coordinamento tra le rispettive emanazioni periferiche degli enti che sono parte della Cabina di Regia, nel quadro delle funzioni di direzione, vigilanza e coordinamento dell&#8217;Ambasciatore d&#8217;Italia a New Delhi.<\/span><\/p>\n<p style=\"text-align: justify;\"><span lang=\"IT\"><strong>Ambasciata d&#8217;Italia a New Delhi<\/strong><br \/>\n50-E, Chandragupta Marg,<br \/>\nChanakyapuri, New Delhi -110 021<br \/>\nTel: +91-11-26114355<br \/>\nFax: +91-11-26873889<br \/>\nE-mail: <a href=\"mailto:ambasciata.newdelhi@esteri.it\">ambasciata.newdelhi@esteri.it<\/a><\/span><\/p>\n<p style=\"text-align: justify;\"><span lang=\"IT\"><strong>Consolato Generale d&#8217;Italia a Mumbai<\/strong><br \/>\n\u201dKanchanjunga\u201d-1st Floor 72, G. Deshmukh MargMumbai 400026<br \/>\nTel: 0091-22-23804071 \/73<br \/>\nFax: 0091-22-23874074<br \/>\nE-mail: <a href=\"mailto:consulgeneral.mumbai@esteri.it\">consulgeneral.mumbai@esteri.it<\/a><br \/>\nE-mail sezione commerciale: <a href=\"mailto:commercialmumbai@esteri.it\">commercialmumbai@esteri.it<\/a>;<br \/>\nSito web: <a href=\"http:\/\/www.consmumbai.esteri.it\/\">www.consmumbai.esteri.it<\/a><br \/>\n<\/span><\/p>\n<p style=\"text-align: justify;\"><span lang=\"IT\"><b>Consolato Generale d&#8217;Italia a Calcutta<\/b><\/span><br \/>\n<span lang=\"IT\">3, Raja Santosh Road, Alipore, Kolkata-700027<br \/>\nTel: 0091-33-24792414<br \/>\nFax: 0091-33-24793892<br \/>\nE-mail: <a href=\"mailto:consolatogenerale.calcutta@esteri.it\">consolatogenerale.calcutta@esteri.it<\/a><br \/>\nSito web: <a href=\"http:\/\/www.conscalcutta.esteri.it\/\">www.conscalcutta.esteri.it<\/a><br \/>\n<\/span><\/p>\n<p style=\"text-align: justify;\"><strong>Consolato Generale d&#8217;Italia a Bangalore<\/strong><br \/>\nVaishnavi Icon, secondo piano<br \/>\n56, Richmond Rd<br \/>\nBengaluru \u2013 560 025<br \/>\nTel. +91 80 6976 7000<br \/>\nEmail ID: bangalore.consgen@esteri.it<br \/>\nPEC:\u00a0\u00a0\u00a0\u00a0con.bangalore@cert.esteri.it<\/p>\n<p style=\"text-align: justify;\"><strong><span lang=\"IT\">ICE &#8211; Agenzia per la promozione all&#8217;estero e l&#8217;internazionalizzazione delle imprese italiane<\/span><\/strong><\/p>\n<p style=\"text-align: justify;\">L&#8217;ICE &#8211; Agenzia per la promozione all&#8217;estero e l&#8217;internazionalizzazione delle imprese italiane, istituita dalla Legge 22 dicembre 2011 n. 214, ha il compito di agevolare, sviluppare e promuovere i rapporti economici e commerciali italiani con l&#8217;estero &#8211; con particolare attenzione alle esigenze delle piccole e medie imprese, dei loro consorzi e raggruppamenti &#8211; e opera al fine di sviluppare l&#8217;internazionalizzazione delle imprese italiane nonch\u00e9 la commercializzazione dei beni e servizi italiani nei mercati internazionali. Tra le attivit\u00e0 degli uffici all\u2019estero dell\u2019Agenzia rientrano le ricerche di mercato, l\u2019organizzazione della partecipazione italiana a fiere, workshop, conferenze, la fornitura di servizi ad hoc per le imprese italiane che si aprono ai mercati esteri (tra cui la ricerca di partner, l\u2019organizzazione di incontri B2B, la fornitura di liste di importatori\/operatori, l\u2019assistenza nell\u2019apertura di un ufficio, l\u2019assistenza nella partecipazione a gare di appalto, l\u2019organizzazione di eventi di lancio ecc).<\/p>\n<p style=\"text-align: justify;\"><span lang=\"IT\"><strong>Ufficio ICE di New Delhi (coordinamento Asia del Sud)<\/strong><br \/>\nSezione per la promozione commerciale dell\u2019Ambasciata d\u2019Italia in India<br \/>\nC\/o Ambasciata d&#8217;Italia New Delhi<br \/>\n50 E &#8211; Chandragupta Marg<br \/>\nChanakyapuri, New Delhi \u2013 110021<br \/>\nTel: 0091-11-24101272<br \/>\nFax: 0091-11-24101276<br \/>\nE-mail: <a href=\"mailto:newdelhi@ice.it\">newdelhi@ice.it<\/a><br \/>\nSiti web:\u00a0<a href=\"http:\/\/www.ice.gov.it\/\">www.ice.gov.it<\/a> ;\u00a0<a href=\"http:\/\/www.italiaindia.com\/\">http:\/\/www.italiaindia.com\/<\/a><br \/>\nOrario di apertura al pubblico: Lunedi&#8217; &#8211; Venerdi&#8217; 9.00 &#8211; 17.00<br \/>\n<\/span><\/p>\n<p style=\"text-align: justify;\"><span lang=\"IT\"><strong>Ufficio ICE di Mumbai<\/strong><br \/>\nSezione per la promozione commerciale del Consolato Generale d\u2019Italia a Mumbai<br \/>\nDhanraj Mahal, &#8216;E&#8217; 28, 2nd Floor, CSM Road, Apollo Bunder, Colaba.<br \/>\n400 001 MUMBAI &#8211; INDIA<br \/>\nE-mail:\u00a0<a href=\"mailto:mumbai@ice.it\">mumbai@ice.it<\/a><br \/>\n<\/span><span lang=\"IT\">Tel: (009122) 22821214\/ 1125 \/ 22809250 \/ 55 \/ 22809260 \/ 65 <\/span><br \/>\n<span lang=\"IT\">Fax: (009122) 22821085<\/span><span lang=\"IT\"><br \/>\nOrario di apertura al pubblico: Lunedi &#8211; Venerdi 9,00 &#8211; 17,00<br \/>\n<\/span><\/p>\n<p style=\"text-align: justify;\"><strong><span lang=\"IT\">ENIT \u2013 Agenzia Nazionale del Turismo<\/span><\/strong><br \/>\nENIT ha il compito di promuovere l&#8217;immagine unitaria dell&#8217;offerta turistica nazionale italiana e di favorirne la commercializzazione<\/p>\n<p style=\"text-align: justify;\"><span lang=\"IT\">Ufficio di Mumbai<br \/>\nC\/O VIVITALIA &#8211; 11th Floor, Urmi Estate,<br \/>\n95 Ganpatrao Kadam Marg, Lower Parel (W)<br \/>\nMumabi, 400013, India<br \/>\nTel: +91 22 67728186<br \/>\nE-mail: <a href=\"mailto:mumbai@enit.it\">mumbai@enit.it<\/a><br \/>\nSito web: <a href=\"http:\/\/www.enit.it\/\">www.enit.it<\/a><br \/>\n<\/span><\/p>\n<p style=\"text-align: justify;\"><strong><span lang=\"IT\">Camera di Commercio e dell\u2019Industria Indo-Italiana<\/span><\/strong><\/p>\n<p style=\"text-align: justify;\">Fondata nel 1966, la Camera di Commercio Indo-Italiana (IICCI) conta pi\u00f9 di 750 soci, italiani ed indiani, provenienti dai diversi settori dell\u2019industria, ed ha una presenza su tutto il territorio indiano, con la sede ufficiale a Mumbai, uffici regionali a New Delhi, Kolkata, Bangalore, Chennai. La IICCI gioca un importante ruolo nel promuovere i rapporti economico-commerciali tra i due paesi attraverso delegazioni istituzionali e di affari, incontri tra aziende, seminari, conferenze e tavole rotonde, fiere internazionali ed esposizioni di prodotti. La IICCI si avvale di un qualificato team di professionisti che forniscono servizi a ditte e societ\u00e0 nello svolgimento di operazioni economiche e commerciali quali l\u2019outsourcing, attivit\u00e0 di global marketing, consulenze relative a joint ventures ed alleanze strategiche, assistenza in materie legali, fiscali e doganali.<\/p>\n<p style=\"text-align: justify;\"><strong>IICCI Sede di Mumbai<\/strong><br \/>\nThe Indo-Italian Chamber of Commerce and Industry<br \/>\nC\/O VIVITALIA &#8211; 11th Floor, Urmi Estate,<br \/>\n95, Ganpatrao Kadam Marg, Lower Parel (W),<br \/>\nMumbai, 400013, India<br \/>\nTel: +91 (22) 6772 8186 \u2013 90<br \/>\nE-mail: <a href=\"mailto:iicci@indiaitaly.com\">iicci@indiaitaly.com<\/a><br \/>\n<span lang=\"IT\">Sito web<\/span>: <a href=\"http:\/\/www.indiaitaly.com\/\">www.indiaitaly.com<\/a><\/p>\n<p style=\"text-align: justify;\"><strong>IICCI Regione Nord dell\u2019India, Delhi<\/strong><br \/>\nc\/o Embassy Of Italy<br \/>\n50-E Chandragupta Marg<br \/>\n(Entrance through Nyaya Marg)<br \/>\nChanakyapuri<br \/>\nNew Delhi, 110021<br \/>\nTel:+91(11)2688 2156<br \/>\nE-mail: <a href=\"mailto:iicci.delhi@indiaitaly.com\">iicci.delhi@indiaitaly.com<\/a><\/p>\n<p style=\"text-align: justify;\"><strong>IICCI Regione Est dell\u2019India, Calcutta<\/strong><br \/>\nc\/o Consulate General of Italy in Kolkata<br \/>\n5G &#8211; REV, Lalbehari Shah Sarani Alipore,<br \/>\nKolkata, 700 027, India<br \/>\nTel: +91 33 2449 0070<br \/>\nE-mail: <a href=\"mailto:iicci.cal@indiaitaly.com\">iicci.cal@indiaitaly.com<\/a><\/p>\n<p style=\"text-align: justify;\"><strong>IICCI Regione Sud dell\u2019India, Chennai<\/strong><br \/>\nAshika Chambers, No.22, Flat &#8220;C&#8221;, 1st Floor,<br \/>\nChamiers Road, Teynampet,<br \/>\nChennai, 600 018, Tamil Nadu, India<br \/>\nTel: 044 28242399 \/ 044 28242397<br \/>\nE-mail: <a href=\"mailto:iicci.chen@indiaitaly.com\">iicci.chen@indiaitaly.com<\/a><\/p>\n<p style=\"text-align: justify;\"><strong>IICCI Regione Sud dell\u2019India, Bangalore<\/strong><br \/>\nc\/o Consulate General Of Italy\u00a0in Bangalore<br \/>\n2nd Floor, Vaishnavi Icon<br \/>\n56 Richmond Rd,<br \/>\nBengaluru, 560025<br \/>\nTel: +91 (80)\u00a0 69767000<br \/>\nE-mail: <a href=\"mailto:iicci.bang@indiaitaly.com\">iicci.bang@indiaitaly.com<\/a><\/p>\n<p style=\"text-align: justify;\"><strong>SACE<\/strong><\/p>\n<p style=\"text-align: justify;\">SACE \u00e8 un gruppo assicurativo-finanziario, posseduto dal Ministero italiano dell\u2019Economia, attivo nel credito all\u2019esportazione, nell\u2019assicurazione del credito, nella protezione degli investimenti, nelle garanzie finanziarie, nelle cauzioni e nel factoring. Il Gruppo sostiene la crescita di oltre 25.000 imprese in pi\u00f9 di 180 paesi, garantendo flussi di cassa pi\u00f9 stabili e trasformando i rischi di insolvenza in opportunit\u00e0 di sviluppo. SACE ha un rating pari a A- (Fitch). L\u2019Ufficio di Mumbai ha nel proprio portafoglio tutto il Sud dell\u2019Asia ovvero, oltre all\u2019India, Bangladesh, Bhutan, Nepal, Pakistan, Madive e Sri Lanka.<\/p>\n<p style=\"text-align: justify;\"><strong>SACE Ufficio di Mumbai<\/strong><br \/>\n84, Maker Chamber VI<br \/>\nBackbay Reclamation, Nariman Point<br \/>\nMumbai 400021, India<br \/>\nTel:+91 22 43473473<br \/>\nFax: +91 22 43473477<br \/>\nE-mail: <a href=\"mailto:mumbai@sace.it\">mumbai@sace.it<\/a><br \/>\n<span lang=\"IT\">Sito web<\/span>: <a href=\"http:\/\/www.sace.it\/\">http:\/\/www.sace.it<\/a><\/p>\n<p style=\"text-align: justify;\"><strong>Banca d\u2019Italia- Addetto Finanziario<\/strong><\/p>\n<p style=\"text-align: justify;\">La Banca d\u2019Italia ha distaccato presso l\u2019Ambasciata d\u2019Italia in India un addetto finanziario, con il compito di monitorare gli andamenti macroeconomici dell\u2019India ed il suo ruolo negli organismi finanziari internazionali. L\u2019attach\u00e9 finanziario promuove inoltre l\u2019internazionalizzazione del sistema bancario italiano ed i rapporti con le autorit\u00e0 finanziarie e bancarie indiane.<\/p>\n<p style=\"text-align: justify;\">Addetto finanizario:<br \/>\nc\/o Embassy Of Italy<br \/>\n50-E Chandragupta Marg<br \/>\nNew Delhi- 110021<br \/>\nTel: +91 (11) 26114355<br \/>\nFax: +91 (11) 26873889<\/p>\n<p style=\"text-align: justify;\"><strong>Universita\u2019 \u2013 Addetto Scientifico<\/strong><\/p>\n<p style=\"text-align: justify;\">L\u2019attivita\u2019 dell\u2019Addetto Scientifico e\u2019 volta a raggiungere il consolidamento e l\u2019incremento della cooperazione scientifica (inserire collegamento) e tecnologica tra l\u2019Italia e l\u2019India, e alla promozione della collaborazione tra Universit\u00e0, Enti di Ricerca, associazioni scientifiche e imprese, italiane e indiane, nei settori tecnologicamente avanzati, in particolare. L\u2019Addetto Scientifico si adopera per valorizzare in India l\u2019eccellenza scientifica e tecnologica italiana e perseguire, mediante la promozione dell\u2019innovazione tecnologica, l\u2018obiettivo di ricadute nel campo economico italiano.<\/p>\n<p style=\"text-align: justify;\">Addetto Scientifico:<br \/>\nc\/o Embassy Of Italy<br \/>\n50-E Chandragupta Marg<br \/>\nNew Delhi- 110021<br \/>\nTel: +91-11-26114358<br \/>\nFax: +91-11-26873889<br \/>\nE-mail: <a href=\"mailto:newdelhi.scienza@esteri.it\">newdelhi.scienza@esteri.it<\/a><\/p>\n<p style=\"text-align: justify;\"><strong>Istituto di Cultura<\/strong><\/p>\n<p style=\"text-align: justify;\">L\u2019Istituto Italiano di Cultura contribuisce alla diffusione della lingua e della cultura italiana in India attraverso l&#8217;organizzazione di eventi culturali per favorire la circolazione delle idee, delle arti e delle scienze. L\u2019Istituto promuove l\u2019insegnamento della lingua italiana presso le principali Universit\u00e0 indiane e in diversi Istituti di Educazione superiore ed organizza presso la propria sede corsi di lingua italiana a vari livelli.<\/p>\n<p style=\"text-align: justify;\"><strong>IIC New Delhi<\/strong><\/p>\n<p style=\"text-align: justify;\">50-E Chandragupta Marg<br \/>\nChanakyapuri, New Delhi-110021<br \/>\nTel: +91-11-26871901\/03\/04<br \/>\nFax: +91-11-26871902<br \/>\n<span lang=\"IT\">Sito web<\/span>: <a href=\"https:\/\/iicnewdelhi.esteri.it\/it\/\">www.iicnewdelhi.esteri.it<\/a><br \/>\nE-mail: <a href=\"mailto:iicnewdelhi@esteri.it\">iicnewdelhi@esteri.it<\/a><\/p>\n<p style=\"text-align: justify;\"><strong>Sezione Distaccata di Mumbai<\/strong><\/p>\n<p style=\"text-align: justify;\">c\/o Consulate General of Italy in Mumbai<br \/>\n\u201dKanchanjunga\u201d-1st Floor 72, G. Deshmukh MargMumbai 400026<br \/>\nTel: 0091-22-23804071 \/73<br \/>\nFax: 0091-22-23874074<br \/>\nEmail:<a href=\"mailto:iicmumbai.direttore@esteri.it\"> iicmumbai.direttore@esteri.it<\/a><\/p>\n","protected":false},"excerpt":{"rendered":"L\u2019India, con la sua prorompente forza demografica e un mercato interno in rapida espansione, \u00e8 destinata ad assumere un ruolo da protagonista nell\u2019economia mondiale, posizionandosi come meta di export e investimenti oltre che come base per la ri-esportazione nei Paesi limitrofi. Dal 2014 ad oggi, il Governo guidato dal Primo Ministro Modi, attualmente al suo [&hellip;]","protected":false},"author":3,"featured_media":0,"parent":80,"menu_order":2,"comment_status":"closed","ping_status":"closed","template":"","meta":{"footnotes":""},"class_list":["post-233","page","type-page","status-publish","hentry"],"_links":{"self":[{"href":"https:\/\/consmumbai.esteri.it\/it\/wp-json\/wp\/v2\/pages\/233","targetHints":{"allow":["GET"]}}],"collection":[{"href":"https:\/\/consmumbai.esteri.it\/it\/wp-json\/wp\/v2\/pages"}],"about":[{"href":"https:\/\/consmumbai.esteri.it\/it\/wp-json\/wp\/v2\/types\/page"}],"author":[{"embeddable":true,"href":"https:\/\/consmumbai.esteri.it\/it\/wp-json\/wp\/v2\/users\/3"}],"replies":[{"embeddable":true,"href":"https:\/\/consmumbai.esteri.it\/it\/wp-json\/wp\/v2\/comments?post=233"}],"version-history":[{"count":6,"href":"https:\/\/consmumbai.esteri.it\/it\/wp-json\/wp\/v2\/pages\/233\/revisions"}],"predecessor-version":[{"id":2659,"href":"https:\/\/consmumbai.esteri.it\/it\/wp-json\/wp\/v2\/pages\/233\/revisions\/2659"}],"up":[{"embeddable":true,"href":"https:\/\/consmumbai.esteri.it\/it\/wp-json\/wp\/v2\/pages\/80"}],"wp:attachment":[{"href":"https:\/\/consmumbai.esteri.it\/it\/wp-json\/wp\/v2\/media?parent=233"}],"curies":[{"name":"wp","href":"https:\/\/api.w.org\/{rel}","templated":true}]}}