{"id":46,"date":"2023-02-17T09:32:23","date_gmt":"2023-02-17T08:32:23","guid":{"rendered":"https:\/\/consmumbai.esteri.it\/?page_id=46"},"modified":"2025-05-16T16:33:24","modified_gmt":"2025-05-16T11:03:24","slug":"il-console-generale","status":"publish","type":"page","link":"https:\/\/consmumbai.esteri.it\/it\/chi-siamo\/il-console-generale\/","title":{"rendered":"Il Console Generale"},"content":{"rendered":"<p style=\"text-align: center;\"><img loading=\"lazy\" decoding=\"async\" class=\" wp-image-3626 img-fluid aligncenter\" src=\"https:\/\/consmumbai.esteri.it\/wp-content\/uploads\/2025\/05\/Console-Generale-225x300.jpg\" alt=\"\" width=\"290\" height=\"387\" srcset=\"https:\/\/consmumbai.esteri.it\/wp-content\/uploads\/2025\/05\/Console-Generale-225x300.jpg 225w, https:\/\/consmumbai.esteri.it\/wp-content\/uploads\/2025\/05\/Console-Generale-768x1024.jpg 768w, https:\/\/consmumbai.esteri.it\/wp-content\/uploads\/2025\/05\/Console-Generale.jpg 960w\" sizes=\"auto, (max-width: 290px) 100vw, 290px\" \/><\/p>\n<p style=\"text-align: center;\"><strong>CONSOLE GENERALE, WALTER FERRARA<\/strong><\/p>\n<p style=\"text-align: justify;\">Walter Ferrara \u00e8 nato a Venezia il 7 giugno 1974.<\/p>\n<p>Si \u00e8 laureato con lode in Scienze Internazionali e Diplomatiche all&#8217;Universit\u00e0 di Trieste e ha conseguito &#8211; \u00a0quale borsista Fulbright &#8211; un Master biennale in relazioni internazionali presso la &#8220;School of Advanced International Studies&#8221; (SAIS) della &#8220;Johns Hopkins University&#8221; di Washington DC.<br \/>\nNel 2000 \u00e8 entrato a far parte del servizio diplomatico italiano ricoprendo molteplici funzioni sia presso il Ministero degli Affari Esteri e della Cooperazione Internazionale a Roma che in varie Ambasciate italiane all&#8217;estero.<\/p>\n<p>Ha prestato servizio in Marocco, Polonia, Russia e Kazakhstan in diversi ruoli: Capo dell&#8217;Ufficio economico e commerciale a Rabat e prima a Varsavia, Capo del Servizio stampa e informazione a Mosca, Vice Capo Missione ad Astana.<\/p>\n<p>Nel 2021 \u00e8 stato nominato Capo Unit\u00e0 per i trattati internazionali presso il Ministero degli Affari Esteri e della Cooperazione Internazionale.<\/p>\n<p style=\"text-align: justify;\">Ha iniziato il suo mandato di Console Generale d&#8217;Italia a Mumbai il 29 luglio 2024.<\/p>\n<p style=\"text-align: justify;\">Cavaliere dell&#8217; Ordine al Merito della Repubblica Italiana, parla sette lingue ed \u00e8 sposato con tre figli.<\/p>\n<p style=\"text-align: justify;\"><strong>MESSAGGIO DEL CONSOLE GENERALE<\/strong><\/p>\n<p style=\"text-align: justify;\">Care visitatrici e cari visitatori,<\/p>\n<p style=\"text-align: justify;\">Buongiorno! Benvenuti sul sito ufficiale del Consolato Generale d&#8217;Italia a Mumbai.<\/p>\n<p style=\"text-align: justify;\">Come il Console Generale, sono onorato di poter avviare il mio mandato e di poter contribuire a rafforzare i legami tra Italia e India, che gi\u00e0 vivono una \u00a0fase di grande sviluppo, e di prestare assistenza alla dinamica e crescente comunit\u00e0 di connazionali nell&#8217;ampia circoscrizione consolare di Mumbai.<\/p>\n<p style=\"text-align: justify;\">Gli ultimi anni hanno visto un notevole incremento delle relazioni tra Italia e India, con l&#8217;avvio di nuove collaborazioni in vari settori e il rafforzamento degli scambi culturali, commerciali ed economici.<\/p>\n<p style=\"text-align: justify;\">Attraverso questa piattaforma, il team del Consolato Generale d&#8217;Italia a Mumbai vuole non solo offrire servizi e approfondimenti ai nostri connazionali presenti nella circoscrizione, ma anche facilitare il dialogo italo-indiano, condividendo informazioni sui visti, su eventi culturali e su opportunit\u00e0 di business che consentano di creare nuove occasioni di incontro e conoscenza.<\/p>\n<p style=\"text-align: justify;\">Mi auguro che la consultazione del nostro sito risulti utile e interessante. Saro&#8217; grato per ogni eventuale commento o suggerimento per migliorare il nostro servizio.<\/p>\n<p style=\"text-align: justify;\">Buona navigazione!<\/p>\n<p style=\"text-align: justify;\">Walter Ferrara<\/p>\n<p style=\"text-align: justify;\">Console Generale d&#8217;Italia a Mumbai<\/p>\n<p><strong>TEAM<\/strong><\/p>\n<p>Il Console Generale \u00e8 coadiuvato dal Console Paolo Zampella e da un team di 25 persone.<\/p>\n","protected":false},"excerpt":{"rendered":"CONSOLE GENERALE, WALTER FERRARA Walter Ferrara \u00e8 nato a Venezia il 7 giugno 1974. Si \u00e8 laureato con lode in Scienze Internazionali e Diplomatiche all&#8217;Universit\u00e0 di Trieste e ha conseguito &#8211; \u00a0quale borsista Fulbright &#8211; un Master biennale in relazioni internazionali presso la &#8220;School of Advanced International Studies&#8221; (SAIS) della &#8220;Johns Hopkins University&#8221; di Washington [&hellip;]","protected":false},"author":3,"featured_media":0,"parent":8,"menu_order":0,"comment_status":"closed","ping_status":"closed","template":"","meta":{"footnotes":""},"class_list":["post-46","page","type-page","status-publish","hentry"],"_links":{"self":[{"href":"https:\/\/consmumbai.esteri.it\/it\/wp-json\/wp\/v2\/pages\/46","targetHints":{"allow":["GET"]}}],"collection":[{"href":"https:\/\/consmumbai.esteri.it\/it\/wp-json\/wp\/v2\/pages"}],"about":[{"href":"https:\/\/consmumbai.esteri.it\/it\/wp-json\/wp\/v2\/types\/page"}],"author":[{"embeddable":true,"href":"https:\/\/consmumbai.esteri.it\/it\/wp-json\/wp\/v2\/users\/3"}],"replies":[{"embeddable":true,"href":"https:\/\/consmumbai.esteri.it\/it\/wp-json\/wp\/v2\/comments?post=46"}],"version-history":[{"count":6,"href":"https:\/\/consmumbai.esteri.it\/it\/wp-json\/wp\/v2\/pages\/46\/revisions"}],"predecessor-version":[{"id":3665,"href":"https:\/\/consmumbai.esteri.it\/it\/wp-json\/wp\/v2\/pages\/46\/revisions\/3665"}],"up":[{"embeddable":true,"href":"https:\/\/consmumbai.esteri.it\/it\/wp-json\/wp\/v2\/pages\/8"}],"wp:attachment":[{"href":"https:\/\/consmumbai.esteri.it\/it\/wp-json\/wp\/v2\/media?parent=46"}],"curies":[{"name":"wp","href":"https:\/\/api.w.org\/{rel}","templated":true}]}}