{"id":49,"date":"2023-02-17T09:32:35","date_gmt":"2023-02-17T08:32:35","guid":{"rendered":"https:\/\/consmumbai.esteri.it\/?page_id=49"},"modified":"2024-11-01T11:12:50","modified_gmt":"2024-11-01T05:42:50","slug":"la-sede","status":"publish","type":"page","link":"https:\/\/consmumbai.esteri.it\/it\/chi-siamo\/la-sede\/","title":{"rendered":"La Sede"},"content":{"rendered":"<p style=\"font-weight: 400; text-align: justify;\">Il Consolato Generale d&#8217;Italia a Mumbai si trova al 1,2,3 e 4\u00a0piano del famoso palazzo chiamato &#8220;Kanchanjunga&#8221;, progettato dall&#8217;acclamato architetto Indiano\u00a0<a href=\"http:\/\/it.wikipedia.org\/wiki\/Charles_Correa\">Charles Correa<\/a>.<\/p>\n<p style=\"font-weight: 400; text-align: justify;\">Breve descrizione della struttura:<\/p>\n<p style=\"font-weight: 400; text-align: justify;\">Alla ricerca delle migliori soluzioni climatiche per diversi siti e programmi, l\u2019Architetto Indiano Charles Correa ha disegnato il palazzo noto come \u201cKanchanjunga Apartments\u201d, costruito fra il 1970 e il 1983. Situato a Mumbai, la citt\u00e0 spesso rapportata a New York con riferimento alla popolazione e alle diversit\u00e0, la costruzione \u00e8 situata a Sud Ovest del centro della citt\u00e0 ed \u00e0 stata costruita per ospitare l\u2019alta societ\u00e0. Il Kanchanjunga \u00e8 la risposta alla cultura di oggi, alla crescente urbanizzazione e alle condizioni climatiche della regione.<\/p>\n<p style=\"font-weight: 400; text-align: justify;\">A Mumbai, una costruzione deve essere orientata Ovest-Est per ricevere la brezza del maree per aprirsi alla miglior vista della citt\u00e0. Ma sfortunatamente questa \u00e8 anche la direzione del sole, sempre caldo, e delle piogge monsoniche.\u00a0\u00a0Le villette risolvono questi problemi avvolgendo con grandi teli tutte le verande e i soggiorni, consentendo agli occupanti di avere due linee di difesa contro queste avversit\u00e0 climatiche.<\/p>\n<p style=\"font-weight: 400; text-align: justify;\">Correa ha spinto il suo genio verso gli estremi, come appare evidente osservando le 4 diverse tipologie di appartamenti incastrati uno con l\u2019altro Tale gioco di incastri ha permesso all\u2019opera di Correa di creare uno scudo naturale contro le avversit\u00e0\u00a0\u00a0climatiche. Ci\u00f2 \u00e8 stato raggiunto creando nella struttura profonde verande giardino sospese nell\u2019aria. Chiaramente l\u2019Architetto si \u00e8 ispirato alla costruzione di Le Courbusier conosciuta come \u201cUnite d\u2019Habitation\u201d costruita a Marsiglia nel 1952.<\/p>\n<p style=\"font-weight: 400; text-align: justify;\">La struttura \u00e8 composta di 32 piani di cemento armato con 6,3 metri di terrazzi a sbalzo. Il corpo centrale \u00e8 stato costituito prima della struttura esterna utilizzando una tecnica mai usata prima in costruzioni multipiano in India.<\/p>\n<p style=\"font-weight: 400; text-align: justify;\">Il cemento e le grandi aree di pannelli bianchi ricordano molto gli appartamenti moderni costruiti in Occidente, forse dovuti all\u2019educazione Occidentale avuta dall\u2019Architetto. Tuttavia le grandi terrazze sono una moderna interpretazione delle tipiche verande che si trovano in tutte le villette indiane.<\/p>\n","protected":false},"excerpt":{"rendered":"Il Consolato Generale d&#8217;Italia a Mumbai si trova al 1,2,3 e 4\u00a0piano del famoso palazzo chiamato &#8220;Kanchanjunga&#8221;, progettato dall&#8217;acclamato architetto Indiano\u00a0Charles Correa. Breve descrizione della struttura: Alla ricerca delle migliori soluzioni climatiche per diversi siti e programmi, l\u2019Architetto Indiano Charles Correa ha disegnato il palazzo noto come \u201cKanchanjunga Apartments\u201d, costruito fra il 1970 e il [&hellip;]","protected":false},"author":3,"featured_media":0,"parent":8,"menu_order":2,"comment_status":"closed","ping_status":"closed","template":"","meta":{"footnotes":""},"class_list":["post-49","page","type-page","status-publish","hentry"],"_links":{"self":[{"href":"https:\/\/consmumbai.esteri.it\/it\/wp-json\/wp\/v2\/pages\/49","targetHints":{"allow":["GET"]}}],"collection":[{"href":"https:\/\/consmumbai.esteri.it\/it\/wp-json\/wp\/v2\/pages"}],"about":[{"href":"https:\/\/consmumbai.esteri.it\/it\/wp-json\/wp\/v2\/types\/page"}],"author":[{"embeddable":true,"href":"https:\/\/consmumbai.esteri.it\/it\/wp-json\/wp\/v2\/users\/3"}],"replies":[{"embeddable":true,"href":"https:\/\/consmumbai.esteri.it\/it\/wp-json\/wp\/v2\/comments?post=49"}],"version-history":[{"count":3,"href":"https:\/\/consmumbai.esteri.it\/it\/wp-json\/wp\/v2\/pages\/49\/revisions"}],"predecessor-version":[{"id":2645,"href":"https:\/\/consmumbai.esteri.it\/it\/wp-json\/wp\/v2\/pages\/49\/revisions\/2645"}],"up":[{"embeddable":true,"href":"https:\/\/consmumbai.esteri.it\/it\/wp-json\/wp\/v2\/pages\/8"}],"wp:attachment":[{"href":"https:\/\/consmumbai.esteri.it\/it\/wp-json\/wp\/v2\/media?parent=49"}],"curies":[{"name":"wp","href":"https:\/\/api.w.org\/{rel}","templated":true}]}}