{"id":83,"date":"2023-02-17T09:47:42","date_gmt":"2023-02-17T08:47:42","guid":{"rendered":"https:\/\/consmumbai.esteri.it\/?page_id=83"},"modified":"2024-11-01T11:32:37","modified_gmt":"2024-11-01T06:02:37","slug":"servizi-per-il-cittadino-straniero","status":"publish","type":"page","link":"https:\/\/consmumbai.esteri.it\/it\/servizi-consolari-e-visti\/servizi-per-il-cittadino-straniero\/","title":{"rendered":"Servizi per il cittadino straniero"},"content":{"rendered":"<p style=\"text-align: justify;\"><span style=\"text-decoration: underline;\">AVVISO IMPORTANTE<\/span><\/p>\n<p style=\"text-align: justify;\">Il possesso di un visto Schengen non conferisce automaticamente il diritto di ingresso nell&#8217;area Schengen. Al momento dell&#8217;ingresso nel territorio Schengen, il titolare del visto dovr\u00e0 esibire il passaporto con un visto valido e, se richiesto dalle autorit\u00e0 di polizia di frontiera, copia della documentazione relativa allo scopo del soggiorno nell&#8217;area Schengen.<\/p>\n<p style=\"text-align: justify;\">Tale documentazione pu\u00f2 includere:<\/p>\n<ul style=\"text-align: justify;\">\n<li>documentazione relativa allo scopo e alle condizioni del soggiorno previsto (biglietto aereo di andata e ritorno, prenotazione alberghiera, lettere di invito, ecc;)<\/li>\n<li>mezzi finanziari (contanti, assegni di viaggio, carte di credito internazionali, ecc.)<\/li>\n<\/ul>\n<p style=\"text-align: justify;\">La mancata presentazione della documentazione richiesta pu\u00f2 autorizzare le autorit\u00e0 di polizia di frontiera a negare l&#8217;ingresso nel territorio Schengen e pu\u00f2 comportare un provvedimento di espulsione amministrativa da parte di un&#8217;autorit\u00e0 di frontiera di uno Stato membro.<\/p>\n<p style=\"text-align: justify;\">Per ulteriori dettagli e informazioni sui visti Schengen, sulle condizioni di soggiorno nello Spazio Schengen e sui diversi tipi di visti nazionali (visti concessi per pi\u00f9 di 90 giorni), visitare il sito web multilingue<a href=\"http:\/\/vistoperitalia.esteri.it\"> http:\/\/vistoperitalia.esteri.it<\/a>, dove \u00e8 disponibile una versione stampabile della scheda completa.<\/p>\n","protected":false},"excerpt":{"rendered":"AVVISO IMPORTANTE Il possesso di un visto Schengen non conferisce automaticamente il diritto di ingresso nell&#8217;area Schengen. Al momento dell&#8217;ingresso nel territorio Schengen, il titolare del visto dovr\u00e0 esibire il passaporto con un visto valido e, se richiesto dalle autorit\u00e0 di polizia di frontiera, copia della documentazione relativa allo scopo del soggiorno nell&#8217;area Schengen. Tale [&hellip;]","protected":false},"author":1,"featured_media":0,"parent":10,"menu_order":2,"comment_status":"closed","ping_status":"closed","template":"","meta":{"footnotes":""},"class_list":["post-83","page","type-page","status-publish","hentry"],"_links":{"self":[{"href":"https:\/\/consmumbai.esteri.it\/it\/wp-json\/wp\/v2\/pages\/83","targetHints":{"allow":["GET"]}}],"collection":[{"href":"https:\/\/consmumbai.esteri.it\/it\/wp-json\/wp\/v2\/pages"}],"about":[{"href":"https:\/\/consmumbai.esteri.it\/it\/wp-json\/wp\/v2\/types\/page"}],"author":[{"embeddable":true,"href":"https:\/\/consmumbai.esteri.it\/it\/wp-json\/wp\/v2\/users\/1"}],"replies":[{"embeddable":true,"href":"https:\/\/consmumbai.esteri.it\/it\/wp-json\/wp\/v2\/comments?post=83"}],"version-history":[{"count":2,"href":"https:\/\/consmumbai.esteri.it\/it\/wp-json\/wp\/v2\/pages\/83\/revisions"}],"predecessor-version":[{"id":2697,"href":"https:\/\/consmumbai.esteri.it\/it\/wp-json\/wp\/v2\/pages\/83\/revisions\/2697"}],"up":[{"embeddable":true,"href":"https:\/\/consmumbai.esteri.it\/it\/wp-json\/wp\/v2\/pages\/10"}],"wp:attachment":[{"href":"https:\/\/consmumbai.esteri.it\/it\/wp-json\/wp\/v2\/media?parent=83"}],"curies":[{"name":"wp","href":"https:\/\/api.w.org\/{rel}","templated":true}]}}