{"id":84,"date":"2023-02-17T09:47:32","date_gmt":"2023-02-17T08:47:32","guid":{"rendered":"https:\/\/consmumbai.esteri.it\/?page_id=84"},"modified":"2024-11-01T11:21:46","modified_gmt":"2024-11-01T05:51:46","slug":"servizi-per-il-cittadino-italiano","status":"publish","type":"page","link":"https:\/\/consmumbai.esteri.it\/it\/servizi-consolari-e-visti\/servizi-per-il-cittadino-italiano\/","title":{"rendered":"Servizi per il cittadino italiano"},"content":{"rendered":"<p style=\"text-align: justify;\"><strong>Consolato Generale d&#8217;Italia a Mumbai<br \/>\nSezione Consolare<\/strong>: 0091(022)- 4781 9230 | 0091(022)-4781 9321<\/p>\n<p style=\"text-align: justify;\">Email:\u00a0<span lang=\"IT\"><a title=\"consolare.mumbai@esteri.it\" href=\"mailto:consolare.mumbai@esteri.it\"><span lang=\"EN-IN\">consolare.mumbai@esteri.it<\/span><\/a><\/span><span lang=\"IT\">\u00a0<\/span><\/p>\n<p style=\"text-align: justify;\">Il Ministero degli Affari Esteri ha predisposto un elenco dettagliato e aggiornato dei servizi forniti dai Consolati italiani sia ai cittadini italiani residenti iscritti all&#8217;A.I.R.E sia ai non residenti che si recano temporaneamente all&#8217;estero. Per accedere a tutte le informazioni, selezionare il <a href=\"https:\/\/www.esteri.it\/it\/servizi-consolari-e-visti\/\">seguente link<\/a>.<\/p>\n<p style=\"text-align: justify;\">I Consolati assicurano a tutti i connazionali tutela in caso di violazione dei loro <strong>diritti fondamentali<\/strong> e di <strong>limitazione o privazione della loro libert\u00e0 personale<\/strong>. La tutela riguarda i casi di decesso, incidente o malattia grave, di arresto o detenzione, l&#8217;assistenza alle vittime di atti di violenza, l&#8217;aiuto e il rimpatrio dei cittadini in difficolt\u00e0. Inoltre, assicurano assistenza per i casi di emergenza, per la ricerca di familiari, per le pratiche di successione aperte all\u2019estero e per il rimpatrio delle salme. E&#8217; utile sapere che in questo caso le spese relative sono a carico del cittadino italiano. Il Consolato assiste i cittadini italiani che hanno bisogno di pratiche amministrative.<\/p>\n<p style=\"text-align: justify;\">In questo Consolato, i cittadini italiani hanno a disposizione un registro ove annotare le loro lamentele su eventuali disservizi, le loro osservazioni e suggerimenti per migliorare la qualit\u00e0 del nostro lavoro.<\/p>\n<p style=\"text-align: justify;\">Alcuni servizi prestati dal Consolato sono gratuiti, altri invece sono a pagamento.<\/p>\n<p style=\"text-align: justify;\"><strong>ATTI GRATUITI<\/strong><\/p>\n<ul style=\"text-align: justify;\">\n<li>Iscrizione all&#8217;AIRE<\/li>\n<li>Anagrafe degli italiani residenti all&#8217;estero<\/li>\n<li>Trasmissione di atti di stato civile per la documentazione presso i Comuni Italiani<\/li>\n<li>Arruolamento e pratiche relative al servizio di leva<\/li>\n<li>Documento di viaggio per il rimpatrio<\/li>\n<li>Dichiarazione di rimpatrio<\/li>\n<li>Certificato di esistenza in vita<\/li>\n<\/ul>\n<p style=\"text-align: justify;\"><strong><br \/>\nATTI A PAGAMENTO<\/strong><\/p>\n<ul style=\"text-align: justify;\">\n<li>Pubblicazioni di matrimonio<\/li>\n<li>Autentica di firma<\/li>\n<li>Rinnovo della patente di guida<\/li>\n<li>Procura speciale<\/li>\n<li>Procura generale<\/li>\n<li>Certificazione di conformit\u00e0 traduzioni<\/li>\n<li>Passaporto<\/li>\n<\/ul>\n<h4 style=\"text-align: justify;\">SERVIZI PER I CITTADINI ITALIANI RESIDENTI NELLA CIRCOSCRIZIONE CONSOLARE<\/h4>\n<p style=\"text-align: justify;\">E&#8217; bene sapere che il cittadino italiano che ha fissato la sua residenza all&#8217;estero deve iscriversi <a href=\"https:\/\/consmumbai.esteri.it\/it\/servizi-consolari-e-visti\/servizi-per-il-cittadino-italiano\/anagrafe-degli-italiani-residenti-allestero-aire\/\">all&#8217;Anagrafe degli italiani residenti all&#8217;estero (AIRE)<\/a>. L&#8217;iscrizione \u00e8 gratuita e pu\u00f2 essere fatta anche presso i Consolati.<\/p>\n<p style=\"text-align: justify;\">Per quanto riguarda i cittadini italiani residenti nella circoscrizione consolare, il Consolato cura e predispone le pratiche che riguardano:<\/p>\n<ul style=\"text-align: justify;\">\n<li>la stesura e la trascrizione di <a href=\"https:\/\/consmumbai.esteri.it\/it\/servizi-consolari-e-visti\/servizi-per-il-cittadino-italiano\/stato-civile\/\">atti di stato civile<\/a><\/li>\n<li>i documenti necessari per le pubblicazioni di matrimonio<\/li>\n<li>il rilascio e il <a href=\"https:\/\/consmumbai.esteri.it\/it\/servizi-consolari-e-visti\/servizi-per-il-cittadino-italiano\/passaporti-e-carte-didentita\/\">rinnovo dei passaporti e della carta d&#8217;identit\u00e0<\/a> (quest&#8217;ultima solo per i cittadini iscritti all&#8217;AIRE)<\/li>\n<li>il <a href=\"https:\/\/consmumbai.esteri.it\/it\/servizi-consolari-e-visti\/servizi-per-il-cittadino-italiano\/autoveicoli-e-patenti-di-guida\/\">rinnovo della patente di guida<\/a> (solo per i cittadini iscritti all&#8217;AIRE)<\/li>\n<li>gli atti relativi alla cittadinanza<\/li>\n<li>gli atti relativi al servizio di leva<\/li>\n<li>gli <a href=\"https:\/\/consmumbai.esteri.it\/it\/servizi-consolari-e-visti\/servizi-per-il-cittadino-italiano\/servizi-notarili\/\">atti notarili<\/a> e i testamenti<\/li>\n<li>la <a href=\"https:\/\/consmumbai.esteri.it\/it\/servizi-consolari-e-visti\/servizi-per-il-cittadino-italiano\/traduzione-e-legalizzazione-dei-documenti\/\">traduzione e l&#8217;autocertificazione di documenti<\/a><\/li>\n<li>i certificati doganali connessi con il rimpatrio<\/li>\n<li>gli atti che riguardano il <a href=\"https:\/\/consmumbai.esteri.it\/it\/servizi-consolari-e-visti\/servizi-per-il-cittadino-italiano\/servizi-elettorali\/\">servizio elettorale<\/a><\/li>\n<li>la <a href=\"https:\/\/consmumbai.esteri.it\/it\/servizi-consolari-e-visti\/servizi-per-il-cittadino-italiano\/pensioni-e-sicurezza-sociale\/\">pensione e l&#8217;assistenza sociale<\/a><\/li>\n<li>sussidi e assistenza ai cittadini italiani indigenti.<\/li>\n<\/ul>\n<p style=\"text-align: justify;\">Inoltre, presso il Consolato si possono celebrare i matrimoni.<\/p>\n<h4 style=\"text-align: justify;\">SERVIZI PER I CITTADINI ITALIANI NON RESIDENTI NELLA CIRCOSCRIZIONE CONSOLARE<\/h4>\n<p style=\"text-align: justify;\">Il Consolato <a href=\"https:\/\/consmumbai.esteri.it\/it\/servizi-consolari-e-visti\/servizi-per-il-cittadino-italiano\/assistenza-ai-cittadini-allestero\/\">assiste i cittadini italiani di passaggio nella circoscrizione<\/a> nelle situazioni di emergenza individuali:<\/p>\n<ul style=\"text-align: justify;\">\n<li>tutelando la loro integrit\u00e0, incolumit\u00e0 e libert\u00e0 personale<\/li>\n<li>fornendo informazioni su come e chi contattare in caso di necessit\u00e0 (medici, centri di cura, avvocati, traduttori di fiducia)<\/li>\n<li>rilasciando gratuitamente un <a href=\"https:\/\/consmumbai.esteri.it\/it\/servizi-consolari-e-visti\/servizi-per-il-cittadino-italiano\/emergency-travel-documents-etd\/\">documento di viaggio necessario per rientrare in Italia<\/a> nel caso i cui siano stati rubati o smarriti il passaporto o la carta di identit\u00e0.<\/li>\n<\/ul>\n<p style=\"text-align: justify;\">E&#8217; utile sapere che per ottenere questo documento il cittadino italiano deve:<\/p>\n<ul style=\"text-align: justify;\">\n<li>fare denuncia alle Autorit\u00e0 di polizia del luogo<\/li>\n<li>ottenere una copia della denuncia<\/li>\n<li>presentare al Consolato la copia della denuncia insieme a due fotografie formato tessera.<\/li>\n<\/ul>\n<h4 style=\"text-align: justify;\">CHE COSA NON POSSONO FARE I CONSOLATI<\/h4>\n<p style=\"text-align: justify;\">I Consolati italiani non possono:<\/p>\n<ul>\n<li style=\"text-align: justify;\">rilasciare o rinnovare le carte di identit\u00e0 ai cittadini italiani non iscritti all&#8217;AIRE<\/li>\n<li style=\"text-align: justify;\">intervenire in giudizio per conto di cittadini italiani<\/li>\n<li style=\"text-align: justify;\">sostenere direttamente le spese sanitarie o le spese per rimpatriare le salme di cittadini italiani deceduti nella circoscrizione<\/li>\n<li style=\"text-align: justify;\">far utilizzare le proprie strutture per questioni di natura privata (far fare telefonate private, fare prenotazioni alberghiere o di viaggio, cambiare valuta, fornire interpreti, ecc).<\/li>\n<\/ul>\n","protected":false},"excerpt":{"rendered":"Consolato Generale d&#8217;Italia a Mumbai Sezione Consolare: 0091(022)- 4781 9230 | 0091(022)-4781 9321 Email:\u00a0consolare.mumbai@esteri.it\u00a0 Il Ministero degli Affari Esteri ha predisposto un elenco dettagliato e aggiornato dei servizi forniti dai Consolati italiani sia ai cittadini italiani residenti iscritti all&#8217;A.I.R.E sia ai non residenti che si recano temporaneamente all&#8217;estero. Per accedere a tutte le informazioni, selezionare [&hellip;]","protected":false},"author":1,"featured_media":0,"parent":10,"menu_order":0,"comment_status":"closed","ping_status":"closed","template":"","meta":{"footnotes":""},"class_list":["post-84","page","type-page","status-publish","hentry"],"_links":{"self":[{"href":"https:\/\/consmumbai.esteri.it\/it\/wp-json\/wp\/v2\/pages\/84","targetHints":{"allow":["GET"]}}],"collection":[{"href":"https:\/\/consmumbai.esteri.it\/it\/wp-json\/wp\/v2\/pages"}],"about":[{"href":"https:\/\/consmumbai.esteri.it\/it\/wp-json\/wp\/v2\/types\/page"}],"author":[{"embeddable":true,"href":"https:\/\/consmumbai.esteri.it\/it\/wp-json\/wp\/v2\/users\/1"}],"replies":[{"embeddable":true,"href":"https:\/\/consmumbai.esteri.it\/it\/wp-json\/wp\/v2\/comments?post=84"}],"version-history":[{"count":6,"href":"https:\/\/consmumbai.esteri.it\/it\/wp-json\/wp\/v2\/pages\/84\/revisions"}],"predecessor-version":[{"id":2674,"href":"https:\/\/consmumbai.esteri.it\/it\/wp-json\/wp\/v2\/pages\/84\/revisions\/2674"}],"up":[{"embeddable":true,"href":"https:\/\/consmumbai.esteri.it\/it\/wp-json\/wp\/v2\/pages\/10"}],"wp:attachment":[{"href":"https:\/\/consmumbai.esteri.it\/it\/wp-json\/wp\/v2\/media?parent=84"}],"curies":[{"name":"wp","href":"https:\/\/api.w.org\/{rel}","templated":true}]}}